{"id":2849,"date":"2021-01-15T21:05:29","date_gmt":"2021-01-16T02:05:29","guid":{"rendered":"https:\/\/riskkarma.io\/condiciones-generales\/"},"modified":"2024-02-02T13:53:05","modified_gmt":"2024-02-02T18:53:05","slug":"condiciones-generales","status":"publish","type":"page","link":"https:\/\/riskkarma.io\/es\/condiciones-generales\/","title":{"rendered":"Condiciones generales"},"content":{"rendered":"\t\t<div data-elementor-type=\"wp-page\" data-elementor-id=\"2849\" class=\"elementor elementor-2849 elementor-1317\" data-elementor-post-type=\"page\">\n\t\t\t\t\t\t<section class=\"elementor-section elementor-top-section elementor-element elementor-element-b050520 elementor-section-boxed elementor-section-height-default elementor-section-height-default\" data-id=\"b050520\" data-element_type=\"section\" data-e-type=\"section\" data-settings=\"{&quot;background_background&quot;:&quot;classic&quot;}\">\n\t\t\t\t\t\t\t<div class=\"elementor-background-overlay\"><\/div>\n\t\t\t\t\t\t\t<div class=\"elementor-container elementor-column-gap-default\">\n\t\t\t\t\t<div class=\"elementor-column elementor-col-100 elementor-top-column elementor-element elementor-element-5577dc6\" data-id=\"5577dc6\" data-element_type=\"column\" data-e-type=\"column\">\n\t\t\t<div class=\"elementor-widget-wrap elementor-element-populated\">\n\t\t\t\t\t\t<div class=\"elementor-element elementor-element-1b70153 elementor-widget elementor-widget-heading\" data-id=\"1b70153\" data-element_type=\"widget\" data-e-type=\"widget\" data-widget_type=\"heading.default\">\n\t\t\t\t<div class=\"elementor-widget-container\">\n\t\t\t\t\t<h1 class=\"elementor-heading-title elementor-size-large\">Condiciones generales<\/h1>\t\t\t\t<\/div>\n\t\t\t\t<\/div>\n\t\t\t\t\t<\/div>\n\t\t<\/div>\n\t\t\t\t\t<\/div>\n\t\t<\/section>\n\t\t\t\t<section class=\"elementor-section elementor-top-section elementor-element elementor-element-d680b9c elementor-section-boxed elementor-section-height-default elementor-section-height-default\" data-id=\"d680b9c\" data-element_type=\"section\" data-e-type=\"section\">\n\t\t\t\t\t\t<div class=\"elementor-container elementor-column-gap-default\">\n\t\t\t\t\t<div class=\"elementor-column elementor-col-100 elementor-top-column elementor-element elementor-element-5412fb1\" data-id=\"5412fb1\" data-element_type=\"column\" data-e-type=\"column\">\n\t\t\t<div class=\"elementor-widget-wrap elementor-element-populated\">\n\t\t\t\t\t\t<div class=\"elementor-element elementor-element-2b9c755 elementor-widget elementor-widget-text-editor\" data-id=\"2b9c755\" data-element_type=\"widget\" data-e-type=\"widget\" data-widget_type=\"text-editor.default\">\n\t\t\t\t<div class=\"elementor-widget-container\">\n\t\t\t\t\t\t\t\t\t<h2>T\u00e9rminos<\/h2>\n<p style=\"font-weight: 400;\">Accediendo al sitio web en <a href=\"http:\/\/ivebeenvetted.com\/\">http:\/\/ivebeenvetted.com<\/a> y <a href=\"https:\/\/riskkarma.io\/es\/\">https:\/\/riskkarma.io<\/a>, o los productos y servicios de Riskkarma, usted acepta quedar vinculado por estas condiciones de servicio, todas las leyes y reglamentos aplicables, y acepta que es responsable del cumplimiento de cualquier ley local aplicable. Si no est\u00e1 de acuerdo con alguna de estas condiciones, se le proh\u00edbe utilizar o acceder a este sitio. Los materiales contenidos en este sitio web est\u00e1n protegidos por la legislaci\u00f3n aplicable en materia de derechos de autor y marcas registradas.<\/p>\n\n<h2>Licencia de uso<\/h2>\n<p style=\"font-weight: 400;\">Se concede permiso para descargar temporalmente una copia de los materiales (informaci\u00f3n o software) del sitio web de I&#8217;ve Been Vetted s\u00f3lo para uso personal, no comercial y transitorio. Se trata de la concesi\u00f3n de una licencia, no de una transferencia de titularidad, y en virtud de esta licencia no podr\u00e1:<\/p>\n\n<ul style=\"font-weight: 400;\">\n \t<li>modificar o copiar los materiales;<\/li>\n \t<li>utilizar los materiales para cualquier fin comercial, o para cualquier exhibici\u00f3n p\u00fablica (comercial o no comercial);<\/li>\n \t<li>intentar descompilar o aplicar ingenier\u00eda inversa a cualquier software contenido en el sitio web de I&#8217;ve Been Vetted;<\/li>\n \t<li>eliminar de los materiales cualquier menci\u00f3n relativa a derechos de autor u otros derechos de propiedad; o<\/li>\n \t<li>transferir los materiales a otra persona o \u00abreflejar\u00bb los materiales en cualquier otro servidor.<\/li>\n<\/ul>\n<p style=\"font-weight: 400;\">Esta licencia terminar\u00e1 autom\u00e1ticamente si usted viola cualquiera de estas restricciones y puede ser terminada por I&#8217;ve Been Vetted en cualquier momento. Cuando deje de ver estos materiales o cuando finalice esta licencia, deber\u00e1 destruir cualquier material descargado que est\u00e9 en su posesi\u00f3n, ya sea en formato electr\u00f3nico o impreso.<\/p>\n\n<h2>Descargo de responsabilidad\n<\/h2>\n<p style=\"font-weight: 400;\">Los materiales del sitio web de I&#8217;ve Been Vetted se facilitan \u00abtal cual\u00bb. I&#8217;ve Been Vetted no ofrece ninguna garant\u00eda, expresa o impl\u00edcita, y por la presente renuncia y niega todas las dem\u00e1s garant\u00edas, incluyendo, sin limitaci\u00f3n, las garant\u00edas o condiciones impl\u00edcitas de comerciabilidad, idoneidad para un prop\u00f3sito particular, o no infracci\u00f3n de la propiedad intelectual u otra violaci\u00f3n de los derechos.<\/p>\n<p style=\"font-weight: 400;\">Adem\u00e1s, I&#8217;ve Been Vetted no garantiza ni hace ninguna representaci\u00f3n con respecto a la exactitud, los resultados probables, o la fiabilidad de la utilizaci\u00f3n de los materiales en su sitio web o de otro tipo relativa a dichos materiales o en cualquier sitio vinculado a este sitio.<\/p>\n<p style=\"font-weight: 400;\"><i> <\/i><\/p>\n\n<h2>Limitaciones\n<\/h2>\n<p style=\"font-weight: 400;\">En ning\u00fan caso I&#8217;ve Been Vetted o sus proveedores ser\u00e1n responsables de ning\u00fan da\u00f1o (incluidos, entre otros, los da\u00f1os por p\u00e9rdida de datos o beneficios, o debidos a la interrupci\u00f3n de la actividad empresarial) que se derive del uso o la imposibilidad de uso de los materiales del sitio Web de I&#8217;ve Been Vetted, aunque I&#8217;ve Been Vetted o un representante autorizado de I&#8217;ve Been Vetted haya sido notificado verbalmente o por escrito de la posibilidad de tales da\u00f1os. Debido a que algunas jurisdicciones no permiten limitaciones en las garant\u00edas impl\u00edcitas, o limitaciones de responsabilidad por da\u00f1os consecuenciales o incidentales, estas limitaciones pueden no aplicarse a usted.<\/p>\n\n<h2>Exactitud de los materiales\n<\/h2>\n<p style=\"font-weight: 400;\">Los materiales que aparecen en el sitio web de I&#8217;ve Been Vetted podr\u00edan incluir errores t\u00e9cnicos, tipogr\u00e1ficos o fotogr\u00e1ficos. I&#8217;ve Been Vetted no garantiza que ninguno de los materiales de su sitio web sea preciso, completo o actual. I&#8217;ve Been Vetted puede realizar cambios en los materiales contenidos en su sitio web en cualquier momento y sin previo aviso. Sin embargo, I&#8217;ve Been Vetted no se compromete a actualizar los materiales.<\/p>\n\n<h2>Enlaces<\/i><\/li>\n<\/h2>\n<p style=\"font-weight: 400;\">I&#8217;ve Been Vetted no ha revisado todos los sitios vinculados a su sitio web y no es responsable del contenido de ninguno de ellos. La inclusi\u00f3n de cualquier enlace no implica la aprobaci\u00f3n del sitio por parte de I&#8217;ve Been Vetted. El uso de cualquiera de estos sitios web enlazados corre por cuenta y riesgo del usuario.<\/p>\n\n<h2>Modificaciones\n<\/h2>\n<p style=\"font-weight: 400;\">I&#8217;ve Been Vetted puede revisar estas condiciones de servicio de su sitio web en cualquier momento y sin previo aviso. El uso de este sitio web implica la aceptaci\u00f3n de la versi\u00f3n vigente de estas condiciones de servicio.<\/p>\n\n<h2>Gobernar\n<\/h2>\n<p style=\"font-weight: 400;\">Estos t\u00e9rminos y condiciones se rigen e interpretan de acuerdo con las leyes de Arizona y usted se somete irrevocablemente a la jurisdicci\u00f3n exclusiva de los tribunales de dicho Estado o localidad.<\/p>\t\t\t\t\t\t\t\t<\/div>\n\t\t\t\t<\/div>\n\t\t\t\t\t<\/div>\n\t\t<\/div>\n\t\t\t\t\t<\/div>\n\t\t<\/section>\n\t\t\t\t<\/div>\n\t\t","protected":false},"excerpt":{"rendered":"<p>Condiciones generales T\u00e9rminos Accediendo al sitio web en http:\/\/ivebeenvetted.com y https:\/\/riskkarma.io, o los productos y servicios de Riskkarma, usted acepta quedar vinculado por estas condiciones de servicio, todas las leyes y reglamentos aplicables, y acepta que es responsable del cumplimiento de cualquier ley local aplicable. Si no est\u00e1 de acuerdo con alguna de estas condiciones, [&hellip;]<\/p>\n","protected":false},"author":2,"featured_media":0,"parent":0,"menu_order":0,"comment_status":"closed","ping_status":"closed","template":"","meta":{"footnotes":""},"class_list":["post-2849","page","type-page","status-publish","hentry"],"yoast_head":"<!-- This site is optimized with the Yoast SEO plugin v27.4 - https:\/\/yoast.com\/product\/yoast-seo-wordpress\/ -->\n<title>Condiciones generales - Riskkarma<\/title>\n<meta name=\"robots\" content=\"index, follow, max-snippet:-1, max-image-preview:large, max-video-preview:-1\" \/>\n<link rel=\"canonical\" href=\"https:\/\/riskkarma.io\/es\/condiciones-generales\/\" \/>\n<meta property=\"og:locale\" content=\"es_ES\" \/>\n<meta property=\"og:type\" content=\"article\" \/>\n<meta property=\"og:title\" content=\"Condiciones generales - Riskkarma\" \/>\n<meta property=\"og:description\" content=\"Condiciones generales T\u00e9rminos Accediendo al sitio web en http:\/\/ivebeenvetted.com y https:\/\/riskkarma.io, o los productos y servicios de Riskkarma, usted acepta quedar vinculado por estas condiciones de servicio, todas las leyes y reglamentos aplicables, y acepta que es responsable del cumplimiento de cualquier ley local aplicable. Si no est\u00e1 de acuerdo con alguna de estas condiciones, [&hellip;]\" \/>\n<meta property=\"og:url\" content=\"https:\/\/riskkarma.io\/es\/condiciones-generales\/\" \/>\n<meta property=\"og:site_name\" content=\"Riskkarma\" \/>\n<meta property=\"article:modified_time\" content=\"2024-02-02T18:53:05+00:00\" \/>\n<meta name=\"twitter:card\" content=\"summary_large_image\" \/>\n<meta name=\"twitter:site\" content=\"@riskkarmaio\" \/>\n<meta name=\"twitter:label1\" content=\"Tiempo de lectura\" \/>\n\t<meta name=\"twitter:data1\" content=\"4 minutos\" \/>\n<script type=\"application\/ld+json\" class=\"yoast-schema-graph\">{\"@context\":\"https:\\\/\\\/schema.org\",\"@graph\":[{\"@type\":\"WebPage\",\"@id\":\"https:\\\/\\\/riskkarma.io\\\/es\\\/condiciones-generales\\\/\",\"url\":\"https:\\\/\\\/riskkarma.io\\\/es\\\/condiciones-generales\\\/\",\"name\":\"Condiciones generales - Riskkarma\",\"isPartOf\":{\"@id\":\"https:\\\/\\\/riskkarma.io\\\/es\\\/#website\"},\"datePublished\":\"2021-01-16T02:05:29+00:00\",\"dateModified\":\"2024-02-02T18:53:05+00:00\",\"breadcrumb\":{\"@id\":\"https:\\\/\\\/riskkarma.io\\\/es\\\/condiciones-generales\\\/#breadcrumb\"},\"inLanguage\":\"es\",\"potentialAction\":[{\"@type\":\"ReadAction\",\"target\":[\"https:\\\/\\\/riskkarma.io\\\/es\\\/condiciones-generales\\\/\"]}]},{\"@type\":\"BreadcrumbList\",\"@id\":\"https:\\\/\\\/riskkarma.io\\\/es\\\/condiciones-generales\\\/#breadcrumb\",\"itemListElement\":[{\"@type\":\"ListItem\",\"position\":1,\"name\":\"Home\",\"item\":\"https:\\\/\\\/riskkarma.io\\\/es\\\/\"},{\"@type\":\"ListItem\",\"position\":2,\"name\":\"Condiciones generales\"}]},{\"@type\":\"WebSite\",\"@id\":\"https:\\\/\\\/riskkarma.io\\\/es\\\/#website\",\"url\":\"https:\\\/\\\/riskkarma.io\\\/es\\\/\",\"name\":\"Riskkarma\",\"description\":\"Real time snapshot of emerging worker risks\",\"publisher\":{\"@id\":\"https:\\\/\\\/riskkarma.io\\\/es\\\/#organization\"},\"potentialAction\":[{\"@type\":\"SearchAction\",\"target\":{\"@type\":\"EntryPoint\",\"urlTemplate\":\"https:\\\/\\\/riskkarma.io\\\/es\\\/?s={search_term_string}\"},\"query-input\":{\"@type\":\"PropertyValueSpecification\",\"valueRequired\":true,\"valueName\":\"search_term_string\"}}],\"inLanguage\":\"es\"},{\"@type\":\"Organization\",\"@id\":\"https:\\\/\\\/riskkarma.io\\\/es\\\/#organization\",\"name\":\"Riskkarma\",\"url\":\"https:\\\/\\\/riskkarma.io\\\/es\\\/\",\"logo\":{\"@type\":\"ImageObject\",\"inLanguage\":\"es\",\"@id\":\"https:\\\/\\\/riskkarma.io\\\/es\\\/#\\\/schema\\\/logo\\\/image\\\/\",\"url\":\"https:\\\/\\\/riskkarma.io\\\/wp-content\\\/uploads\\\/2020\\\/10\\\/logo.png\",\"contentUrl\":\"https:\\\/\\\/riskkarma.io\\\/wp-content\\\/uploads\\\/2020\\\/10\\\/logo.png\",\"width\":180,\"height\":28,\"caption\":\"Riskkarma\"},\"image\":{\"@id\":\"https:\\\/\\\/riskkarma.io\\\/es\\\/#\\\/schema\\\/logo\\\/image\\\/\"},\"sameAs\":[\"https:\\\/\\\/x.com\\\/riskkarmaio\"]}]}<\/script>\n<!-- \/ Yoast SEO plugin. -->","yoast_head_json":{"title":"Condiciones generales - Riskkarma","robots":{"index":"index","follow":"follow","max-snippet":"max-snippet:-1","max-image-preview":"max-image-preview:large","max-video-preview":"max-video-preview:-1"},"canonical":"https:\/\/riskkarma.io\/es\/condiciones-generales\/","og_locale":"es_ES","og_type":"article","og_title":"Condiciones generales - Riskkarma","og_description":"Condiciones generales T\u00e9rminos Accediendo al sitio web en http:\/\/ivebeenvetted.com y https:\/\/riskkarma.io, o los productos y servicios de Riskkarma, usted acepta quedar vinculado por estas condiciones de servicio, todas las leyes y reglamentos aplicables, y acepta que es responsable del cumplimiento de cualquier ley local aplicable. Si no est\u00e1 de acuerdo con alguna de estas condiciones, [&hellip;]","og_url":"https:\/\/riskkarma.io\/es\/condiciones-generales\/","og_site_name":"Riskkarma","article_modified_time":"2024-02-02T18:53:05+00:00","twitter_card":"summary_large_image","twitter_site":"@riskkarmaio","twitter_misc":{"Tiempo de lectura":"4 minutos"},"schema":{"@context":"https:\/\/schema.org","@graph":[{"@type":"WebPage","@id":"https:\/\/riskkarma.io\/es\/condiciones-generales\/","url":"https:\/\/riskkarma.io\/es\/condiciones-generales\/","name":"Condiciones generales - Riskkarma","isPartOf":{"@id":"https:\/\/riskkarma.io\/es\/#website"},"datePublished":"2021-01-16T02:05:29+00:00","dateModified":"2024-02-02T18:53:05+00:00","breadcrumb":{"@id":"https:\/\/riskkarma.io\/es\/condiciones-generales\/#breadcrumb"},"inLanguage":"es","potentialAction":[{"@type":"ReadAction","target":["https:\/\/riskkarma.io\/es\/condiciones-generales\/"]}]},{"@type":"BreadcrumbList","@id":"https:\/\/riskkarma.io\/es\/condiciones-generales\/#breadcrumb","itemListElement":[{"@type":"ListItem","position":1,"name":"Home","item":"https:\/\/riskkarma.io\/es\/"},{"@type":"ListItem","position":2,"name":"Condiciones generales"}]},{"@type":"WebSite","@id":"https:\/\/riskkarma.io\/es\/#website","url":"https:\/\/riskkarma.io\/es\/","name":"Riskkarma","description":"Real time snapshot of emerging worker risks","publisher":{"@id":"https:\/\/riskkarma.io\/es\/#organization"},"potentialAction":[{"@type":"SearchAction","target":{"@type":"EntryPoint","urlTemplate":"https:\/\/riskkarma.io\/es\/?s={search_term_string}"},"query-input":{"@type":"PropertyValueSpecification","valueRequired":true,"valueName":"search_term_string"}}],"inLanguage":"es"},{"@type":"Organization","@id":"https:\/\/riskkarma.io\/es\/#organization","name":"Riskkarma","url":"https:\/\/riskkarma.io\/es\/","logo":{"@type":"ImageObject","inLanguage":"es","@id":"https:\/\/riskkarma.io\/es\/#\/schema\/logo\/image\/","url":"https:\/\/riskkarma.io\/wp-content\/uploads\/2020\/10\/logo.png","contentUrl":"https:\/\/riskkarma.io\/wp-content\/uploads\/2020\/10\/logo.png","width":180,"height":28,"caption":"Riskkarma"},"image":{"@id":"https:\/\/riskkarma.io\/es\/#\/schema\/logo\/image\/"},"sameAs":["https:\/\/x.com\/riskkarmaio"]}]}},"_links":{"self":[{"href":"https:\/\/riskkarma.io\/es\/wp-json\/wp\/v2\/pages\/2849","targetHints":{"allow":["GET"]}}],"collection":[{"href":"https:\/\/riskkarma.io\/es\/wp-json\/wp\/v2\/pages"}],"about":[{"href":"https:\/\/riskkarma.io\/es\/wp-json\/wp\/v2\/types\/page"}],"author":[{"embeddable":true,"href":"https:\/\/riskkarma.io\/es\/wp-json\/wp\/v2\/users\/2"}],"replies":[{"embeddable":true,"href":"https:\/\/riskkarma.io\/es\/wp-json\/wp\/v2\/comments?post=2849"}],"version-history":[{"count":1,"href":"https:\/\/riskkarma.io\/es\/wp-json\/wp\/v2\/pages\/2849\/revisions"}],"predecessor-version":[{"id":2850,"href":"https:\/\/riskkarma.io\/es\/wp-json\/wp\/v2\/pages\/2849\/revisions\/2850"}],"wp:attachment":[{"href":"https:\/\/riskkarma.io\/es\/wp-json\/wp\/v2\/media?parent=2849"}],"curies":[{"name":"wp","href":"https:\/\/api.w.org\/{rel}","templated":true}]}}